{"id":167,"date":"2024-05-29T17:17:02","date_gmt":"2024-05-29T17:17:02","guid":{"rendered":"https:\/\/vilamax.al\/?page_id=167"},"modified":"2025-01-18T19:55:04","modified_gmt":"2025-01-18T19:55:04","slug":"rooms","status":"publish","type":"page","link":"https:\/\/vilamax.al\/sq\/rooms\/","title":{"rendered":"Dhomat"},"content":{"rendered":"<div data-elementor-type=\"wp-page\" data-elementor-id=\"167\" class=\"elementor elementor-167\">\n\t\t\t\t<div class=\"elementor-element elementor-element-b181c16 e-flex e-con-boxed e-con e-parent\" data-id=\"b181c16\" data-element_type=\"container\" data-e-type=\"container\" data-settings=\"{&quot;background_background&quot;:&quot;classic&quot;}\">\n\t\t\t\t\t<div class=\"e-con-inner\">\n\t\t\t\t<div class=\"elementor-element elementor-element-38a93a0 elementor-widget-divider--view-line elementor-widget elementor-widget-divider\" data-id=\"38a93a0\" data-element_type=\"widget\" data-e-type=\"widget\" data-widget_type=\"divider.default\">\n\t\t\t\t<div class=\"elementor-widget-container\">\n\t\t\t\t\t\t\t<div class=\"elementor-divider\">\n\t\t\t<span class=\"elementor-divider-separator\">\n\t\t\t\t\t\t<\/span>\n\t\t<\/div>\n\t\t\t\t\t\t<\/div>\n\t\t\t\t<\/div>\n\t\t\t\t<div class=\"elementor-element elementor-element-5921ada elementor-widget elementor-widget-heading\" data-id=\"5921ada\" data-element_type=\"widget\" data-e-type=\"widget\" data-widget_type=\"heading.default\">\n\t\t\t\t<div class=\"elementor-widget-container\">\n\t\t\t\t\t<h2 class=\"elementor-heading-title elementor-size-default\">Dhomat<\/h2>\t\t\t\t<\/div>\n\t\t\t\t<\/div>\n\t\t<div class=\"elementor-element elementor-element-a8b67b9 e-flex e-con-boxed e-con e-child\" data-id=\"a8b67b9\" data-element_type=\"container\" data-e-type=\"container\">\n\t\t\t\t\t<div class=\"e-con-inner\">\n\t\t\t\t<div class=\"elementor-element elementor-element-0e905bf elementor-widget elementor-widget-heading\" data-id=\"0e905bf\" data-element_type=\"widget\" data-e-type=\"widget\" data-widget_type=\"heading.default\">\n\t\t\t\t<div class=\"elementor-widget-container\">\n\t\t\t\t\t<h2 class=\"elementor-heading-title elementor-size-default\"><a href=\"https:\/\/vilamax.al\/\">Kreu<\/a><\/h2>\t\t\t\t<\/div>\n\t\t\t\t<\/div>\n\t\t\t\t<div class=\"elementor-element elementor-element-de398ef elementor-widget elementor-widget-heading\" data-id=\"de398ef\" data-element_type=\"widget\" data-e-type=\"widget\" data-widget_type=\"heading.default\">\n\t\t\t\t<div class=\"elementor-widget-container\">\n\t\t\t\t\t<h2 class=\"elementor-heading-title elementor-size-default\">&gt;<\/h2>\t\t\t\t<\/div>\n\t\t\t\t<\/div>\n\t\t\t\t<div class=\"elementor-element elementor-element-75a7df4 elementor-widget elementor-widget-heading\" data-id=\"75a7df4\" data-element_type=\"widget\" data-e-type=\"widget\" data-widget_type=\"heading.default\">\n\t\t\t\t<div class=\"elementor-widget-container\">\n\t\t\t\t\t<h2 class=\"elementor-heading-title elementor-size-default\">Dhomat<\/h2>\t\t\t\t<\/div>\n\t\t\t\t<\/div>\n\t\t\t\t\t<\/div>\n\t\t\t\t<\/div>\n\t\t\t\t\t<\/div>\n\t\t\t\t<\/div>\n\t\t<div class=\"elementor-element elementor-element-36e1679 e-flex e-con-boxed e-con e-parent\" data-id=\"36e1679\" data-element_type=\"container\" data-e-type=\"container\" data-settings=\"{&quot;background_background&quot;:&quot;classic&quot;}\">\n\t\t\t\t\t<div class=\"e-con-inner\">\n\t\t<div class=\"elementor-element elementor-element-900cf43 e-con-full e-flex e-con e-child\" data-id=\"900cf43\" data-element_type=\"container\" data-e-type=\"container\">\n\t\t\t\t<div class=\"elementor-element elementor-element-a3861e0 animated-slow elementor-invisible elementor-widget elementor-widget-heading\" data-id=\"a3861e0\" data-element_type=\"widget\" data-e-type=\"widget\" data-settings=\"{&quot;_animation&quot;:&quot;fadeInUp&quot;}\" data-widget_type=\"heading.default\">\n\t\t\t\t<div class=\"elementor-widget-container\">\n\t\t\t\t\t<h5 class=\"elementor-heading-title elementor-size-default\">Dhomat Tona<\/h5>\t\t\t\t<\/div>\n\t\t\t\t<\/div>\n\t\t\t\t<div class=\"elementor-element elementor-element-2c10d83 elementor-widget elementor-widget-heading\" data-id=\"2c10d83\" data-element_type=\"widget\" data-e-type=\"widget\" data-widget_type=\"heading.default\">\n\t\t\t\t<div class=\"elementor-widget-container\">\n\t\t\t\t\t<h2 class=\"elementor-heading-title elementor-size-default\">Dhomat n\u00eb Dispozicion<\/h2>\t\t\t\t<\/div>\n\t\t\t\t<\/div>\n\t\t\t\t<div class=\"elementor-element elementor-element-c822d28 elementor-widget elementor-widget-text-editor\" data-id=\"c822d28\" data-element_type=\"widget\" data-e-type=\"widget\" data-widget_type=\"text-editor.default\">\n\t\t\t\t<div class=\"elementor-widget-container\">\n\t\t\t\t\t\t\t\t\tN\u00eb hotelin ton\u00eb ne p\u00ebrfshijm\u00eb disa lloje dhomash, dyshe ose treshe. Me pamje nga deti ose pamje t\u00eb thjesht\u00eb.\t\t\t\t\t\t\t\t<\/div>\n\t\t\t\t<\/div>\n\t\t<div class=\"elementor-element elementor-element-2a2111f e-grid e-con-full elementor-invisible e-con e-child\" data-id=\"2a2111f\" data-element_type=\"container\" data-e-type=\"container\" data-settings=\"{&quot;animation&quot;:&quot;fadeIn&quot;}\">\n\t\t<a class=\"eael-wrapper-link-aeb42d9 --eael-wrapper-link-tag\" href=\"https:\/\/vilamax.al\/?p=391\"><\/a><div data-eael-wrapper-link=\"eael-wrapper-link-aeb42d9\" class=\"elementor-element elementor-element-aeb42d9 e-con-full e-flex elementor-invisible e-con e-child\" data-id=\"aeb42d9\" data-element_type=\"container\" data-e-type=\"container\" data-settings=\"{&quot;background_background&quot;:&quot;classic&quot;,&quot;animation&quot;:&quot;fadeInUp&quot;,&quot;animation_delay&quot;:0,&quot;animation_mobile&quot;:&quot;fadeIn&quot;}\">\n\t\t\t\t<div class=\"elementor-element elementor-element-72e591e jkit-equal-height-disable elementor-widget elementor-widget-jkit_icon_box\" data-id=\"72e591e\" data-element_type=\"widget\" data-e-type=\"widget\" data-widget_type=\"jkit_icon_box.default\">\n\t\t\t\t<div class=\"elementor-widget-container\">\n\t\t\t\t\t<div  class=\"jeg-elementor-kit jkit-icon-box icon-position- elementor-animation- jeg_module___6a062e657baef\" ><div class=\"jkit-icon-box-wrapper hover-from-left\"><div class=\"icon-box icon-box-body\">\n                <h3 class=\"title\">- DHOMA BLU<\/h3><p class=\"icon-box-description\">Triple Room<\/p><div class=\"icon-box-button\">\n                <div class=\"btn-wrapper icon-position-after\">\n                    <a href=\"https:\/\/vilamax.al\/blue-room\/\" class=\"icon-box-link\" aria-label=\"Shiko Detajet\">Shiko Detajet<\/a>\n                <\/div>\n            <\/div>\n            <\/div>\n            \n            <\/div><\/div>\t\t\t\t<\/div>\n\t\t\t\t<\/div>\n\t\t\t\t<\/div>\n\t\t<a class=\"eael-wrapper-link-ab11cce --eael-wrapper-link-tag\" href=\"https:\/\/vilamax.al\/?p=363\"><\/a><div data-eael-wrapper-link=\"eael-wrapper-link-ab11cce\" class=\"elementor-element elementor-element-ab11cce e-con-full e-flex elementor-invisible e-con e-child\" data-id=\"ab11cce\" data-element_type=\"container\" data-e-type=\"container\" data-settings=\"{&quot;background_background&quot;:&quot;classic&quot;,&quot;animation&quot;:&quot;fadeInUp&quot;,&quot;animation_delay&quot;:150,&quot;animation_mobile&quot;:&quot;fadeIn&quot;}\">\n\t\t\t\t<div class=\"elementor-element elementor-element-09fc4da jkit-equal-height-disable elementor-widget elementor-widget-jkit_icon_box\" data-id=\"09fc4da\" data-element_type=\"widget\" data-e-type=\"widget\" data-widget_type=\"jkit_icon_box.default\">\n\t\t\t\t<div class=\"elementor-widget-container\">\n\t\t\t\t\t<div  class=\"jeg-elementor-kit jkit-icon-box icon-position- elementor-animation- jeg_module__1_6a062e657c278\" ><div class=\"jkit-icon-box-wrapper hover-from-left\"><div class=\"icon-box icon-box-body\">\n                <h3 class=\"title\">- DHOME AQUA<\/h3><p class=\"icon-box-description\">Triple Room<\/p><div class=\"icon-box-button\">\n                <div class=\"btn-wrapper icon-position-after\">\n                    <a href=\"https:\/\/vilamax.al\/aqua-room\/\" class=\"icon-box-link\" aria-label=\"Shiko Detajet\">Shiko Detajet<\/a>\n                <\/div>\n            <\/div>\n            <\/div>\n            \n            <\/div><\/div>\t\t\t\t<\/div>\n\t\t\t\t<\/div>\n\t\t\t\t<\/div>\n\t\t<a class=\"eael-wrapper-link-4fa8b5d --eael-wrapper-link-tag\" href=\"https:\/\/vilamax.al\/?p=340\"><\/a><div data-eael-wrapper-link=\"eael-wrapper-link-4fa8b5d\" class=\"elementor-element elementor-element-4fa8b5d e-con-full e-flex elementor-invisible e-con e-child\" data-id=\"4fa8b5d\" data-element_type=\"container\" data-e-type=\"container\" data-settings=\"{&quot;background_background&quot;:&quot;classic&quot;,&quot;animation&quot;:&quot;fadeInUp&quot;,&quot;animation_delay&quot;:300,&quot;animation_mobile&quot;:&quot;fadeIn&quot;}\">\n\t\t\t\t<div class=\"elementor-element elementor-element-10d504a jkit-equal-height-disable elementor-widget elementor-widget-jkit_icon_box\" data-id=\"10d504a\" data-element_type=\"widget\" data-e-type=\"widget\" data-widget_type=\"jkit_icon_box.default\">\n\t\t\t\t<div class=\"elementor-widget-container\">\n\t\t\t\t\t<div  class=\"jeg-elementor-kit jkit-icon-box icon-position- elementor-animation- jeg_module__2_6a062e657c918\" ><div class=\"jkit-icon-box-wrapper hover-from-left\"><div class=\"icon-box icon-box-body\">\n                <h3 class=\"title\">- DHOME JESHILE<\/h3><p class=\"icon-box-description\">Double Room<\/p><div class=\"icon-box-button\">\n                <div class=\"btn-wrapper icon-position-after\">\n                    <a href=\"https:\/\/vilamax.al\/green-room\/\" class=\"icon-box-link\" aria-label=\"Shiko Detajet\">Shiko Detajet<\/a>\n                <\/div>\n            <\/div>\n            <\/div>\n            \n            <\/div><\/div>\t\t\t\t<\/div>\n\t\t\t\t<\/div>\n\t\t\t\t<\/div>\n\t\t\t\t<\/div>\n\t\t<div class=\"elementor-element elementor-element-5dafd86 e-grid e-con-full elementor-invisible e-con e-child\" data-id=\"5dafd86\" data-element_type=\"container\" data-e-type=\"container\" data-settings=\"{&quot;animation&quot;:&quot;fadeIn&quot;}\">\n\t\t<a class=\"eael-wrapper-link-3a42d95 --eael-wrapper-link-tag\" href=\"https:\/\/vilamax.al\/?p=291\"><\/a><div data-eael-wrapper-link=\"eael-wrapper-link-3a42d95\" class=\"elementor-element elementor-element-3a42d95 e-con-full e-flex elementor-invisible e-con e-child\" data-id=\"3a42d95\" data-element_type=\"container\" data-e-type=\"container\" data-settings=\"{&quot;background_background&quot;:&quot;classic&quot;,&quot;animation&quot;:&quot;fadeInUp&quot;,&quot;animation_delay&quot;:0,&quot;animation_tablet&quot;:&quot;fadeIn&quot;}\">\n\t\t\t\t<div class=\"elementor-element elementor-element-d7d1596 jkit-equal-height-disable elementor-widget elementor-widget-jkit_icon_box\" data-id=\"d7d1596\" data-element_type=\"widget\" data-e-type=\"widget\" data-widget_type=\"jkit_icon_box.default\">\n\t\t\t\t<div class=\"elementor-widget-container\">\n\t\t\t\t\t<div  class=\"jeg-elementor-kit jkit-icon-box icon-position- elementor-animation- jeg_module__3_6a062e657cf99\" ><div class=\"jkit-icon-box-wrapper hover-from-left\"><div class=\"icon-box icon-box-body\">\n                <h3 class=\"title\">- BEIGE ROOM<\/h3><p class=\"icon-box-description\">Triple Room<\/p><div class=\"icon-box-button\">\n                <div class=\"btn-wrapper icon-position-after\">\n                    <a href=\"https:\/\/vilamax.al\/beige-room\/\" class=\"icon-box-link\" aria-label=\"Shiko Detajet\">Shiko Detajet<\/a>\n                <\/div>\n            <\/div>\n            <\/div>\n            \n            <\/div><\/div>\t\t\t\t<\/div>\n\t\t\t\t<\/div>\n\t\t\t\t<\/div>\n\t\t<a class=\"eael-wrapper-link-874fa6d --eael-wrapper-link-tag\" href=\"https:\/\/vilamax.al\/?p=321\"><\/a><div data-eael-wrapper-link=\"eael-wrapper-link-874fa6d\" class=\"elementor-element elementor-element-874fa6d e-con-full e-flex elementor-invisible e-con e-child\" data-id=\"874fa6d\" data-element_type=\"container\" data-e-type=\"container\" data-settings=\"{&quot;background_background&quot;:&quot;classic&quot;,&quot;animation&quot;:&quot;fadeInUp&quot;,&quot;animation_delay&quot;:200,&quot;animation_tablet&quot;:&quot;fadeIn&quot;}\">\n\t\t\t\t<div class=\"elementor-element elementor-element-67afae6 jkit-equal-height-disable elementor-widget elementor-widget-jkit_icon_box\" data-id=\"67afae6\" data-element_type=\"widget\" data-e-type=\"widget\" data-widget_type=\"jkit_icon_box.default\">\n\t\t\t\t<div class=\"elementor-widget-container\">\n\t\t\t\t\t<div  class=\"jeg-elementor-kit jkit-icon-box icon-position- elementor-animation- jeg_module__4_6a062e657d60c\" ><div class=\"jkit-icon-box-wrapper hover-from-left\"><div class=\"icon-box icon-box-body\">\n                <h3 class=\"title\">- DHOMA BLU<\/h3><p class=\"icon-box-description\">Triple Room<\/p><div class=\"icon-box-button\">\n                <div class=\"btn-wrapper icon-position-after\">\n                    <a href=\"https:\/\/vilamax.al\/blue-room-2\/\" class=\"icon-box-link\" aria-label=\"Shiko Detajet\">Shiko Detajet<\/a>\n                <\/div>\n            <\/div>\n            <\/div>\n            \n            <\/div><\/div>\t\t\t\t<\/div>\n\t\t\t\t<\/div>\n\t\t\t\t<\/div>\n\t\t\t\t<\/div>\n\t\t\t\t<\/div>\n\t\t\t\t\t<\/div>\n\t\t\t\t<\/div>\n\t\t<div class=\"elementor-element elementor-element-d0ad5db e-flex e-con-boxed e-con e-parent\" data-id=\"d0ad5db\" data-element_type=\"container\" data-e-type=\"container\" data-settings=\"{&quot;background_background&quot;:&quot;classic&quot;}\">\n\t\t\t\t\t<div class=\"e-con-inner\">\n\t\t<div class=\"elementor-element elementor-element-0d0bbcb e-con-full e-flex e-con e-child\" data-id=\"0d0bbcb\" data-element_type=\"container\" data-e-type=\"container\">\n\t\t\t\t<div class=\"elementor-element elementor-element-e5b8cbb animated-slow elementor-invisible elementor-widget elementor-widget-heading\" data-id=\"e5b8cbb\" data-element_type=\"widget\" data-e-type=\"widget\" data-settings=\"{&quot;_animation&quot;:&quot;fadeInUp&quot;}\" data-widget_type=\"heading.default\">\n\t\t\t\t<div class=\"elementor-widget-container\">\n\t\t\t\t\t<h5 class=\"elementor-heading-title elementor-size-default\">fAQ<\/h5>\t\t\t\t<\/div>\n\t\t\t\t<\/div>\n\t\t\t\t<div class=\"elementor-element elementor-element-ddfcde0 elementor-widget elementor-widget-heading\" data-id=\"ddfcde0\" data-element_type=\"widget\" data-e-type=\"widget\" data-widget_type=\"heading.default\">\n\t\t\t\t<div class=\"elementor-widget-container\">\n\t\t\t\t\t<h2 class=\"elementor-heading-title elementor-size-default\">Questions &amp; Answers<\/h2>\t\t\t\t<\/div>\n\t\t\t\t<\/div>\n\t\t\t\t<div class=\"elementor-element elementor-element-104b898 elementor-widget elementor-widget-text-editor\" data-id=\"104b898\" data-element_type=\"widget\" data-e-type=\"widget\" data-widget_type=\"text-editor.default\">\n\t\t\t\t<div class=\"elementor-widget-container\">\n\t\t\t\t\t\t\t\t\tCommon questions asked by our guests, answered here. \nIf you have other questions feel free to contact us.\t\t\t\t\t\t\t\t<\/div>\n\t\t\t\t<\/div>\n\t\t\t\t<div class=\"elementor-element elementor-element-c2535dc elementor-widget elementor-widget-button\" data-id=\"c2535dc\" data-element_type=\"widget\" data-e-type=\"widget\" data-widget_type=\"button.default\">\n\t\t\t\t<div class=\"elementor-widget-container\">\n\t\t\t\t\t\t\t\t\t<div class=\"elementor-button-wrapper\">\n\t\t\t\t\t<a class=\"elementor-button elementor-button-link elementor-size-sm\" href=\"https:\/\/vilamax.al\/contact\/\">\n\t\t\t\t\t\t<span class=\"elementor-button-content-wrapper\">\n\t\t\t\t\t\t\t\t\t<span class=\"elementor-button-text\">Kontakti<\/span>\n\t\t\t\t\t<\/span>\n\t\t\t\t\t<\/a>\n\t\t\t\t<\/div>\n\t\t\t\t\t\t\t\t<\/div>\n\t\t\t\t<\/div>\n\t\t\t\t<\/div>\n\t\t<div class=\"elementor-element elementor-element-385f689 e-con-full e-flex e-con e-child\" data-id=\"385f689\" data-element_type=\"container\" data-e-type=\"container\">\n\t\t\t\t<div class=\"elementor-element elementor-element-53608c1 elementor-widget elementor-widget-jkit_accordion\" data-id=\"53608c1\" data-element_type=\"widget\" data-e-type=\"widget\" data-widget_type=\"jkit_accordion.default\">\n\t\t\t\t<div class=\"elementor-widget-container\">\n\t\t\t\t\t<div  class=\"jeg-elementor-kit jkit-accordion style-shadow jeg_module__5_6a062e657f7a4\" ><div class=\"card-wrapper\">\n                <div class=\"card-header\">\n                    <a href=\"#expand-a5a4939\" class=\"card-header-button\" aria-expanded=\"false\" data-target=\"#expand-a5a4939\" aria-controls=\"expand-a5a4939\">\n                        <span class=\"title\">Can We Pay Using Credit Card?<\/span><div class=\"right-icon-group\">\n                <div class=\"normal-icon\"><i aria-hidden=\"true\" class=\"jki jki-chevron-down-light\"><\/i><\/div>\n                <div class=\"active-icon\"><i aria-hidden=\"true\" class=\"jki jki-chevron-up-light\"><\/i><\/div>\n            <\/div>\n                    <\/a>\n                <\/div>\n                <div class=\"card-expand\" id=\"expand-a5a4939\" style=\"display:none\"><div class=\"card-body\">At our hotel we only take cash payments in EURO or Albanian LEK.<\/div><\/div>\n            <\/div><div class=\"card-wrapper\">\n                <div class=\"card-header\">\n                    <a href=\"#expand-b4345f5\" class=\"card-header-button\" aria-expanded=\"false\" data-target=\"#expand-b4345f5\" aria-controls=\"expand-b4345f5\">\n                        <span class=\"title\">Do you offer sunbeds &amp; umbrellas?<\/span><div class=\"right-icon-group\">\n                <div class=\"normal-icon\"><i aria-hidden=\"true\" class=\"jki jki-chevron-down-light\"><\/i><\/div>\n                <div class=\"active-icon\"><i aria-hidden=\"true\" class=\"jki jki-chevron-up-light\"><\/i><\/div>\n            <\/div>\n                    <\/a>\n                <\/div>\n                <div class=\"card-expand\" id=\"expand-b4345f5\" style=\"display:none\"><div class=\"card-body\">We are listed as a beachfront hotel on booking, however we do not offer sunbeds &amp; umbrellas. Beachfront means that we are located close to the beach (less than a minute away), not that we offer sunbeds &amp; umbrellas.<\/div><\/div>\n            <\/div><div class=\"card-wrapper\">\n                <div class=\"card-header\">\n                    <a href=\"#expand-826f307\" class=\"card-header-button\" aria-expanded=\"false\" data-target=\"#expand-826f307\" aria-controls=\"expand-826f307\">\n                        <span class=\"title\">Are the rates per persons or per room ?<\/span><div class=\"right-icon-group\">\n                <div class=\"normal-icon\"><i aria-hidden=\"true\" class=\"jki jki-chevron-down-light\"><\/i><\/div>\n                <div class=\"active-icon\"><i aria-hidden=\"true\" class=\"jki jki-chevron-up-light\"><\/i><\/div>\n            <\/div>\n                    <\/a>\n                <\/div>\n                <div class=\"card-expand\" id=\"expand-826f307\" style=\"display:none\"><div class=\"card-body\">The rates we have listed on booking are per room.<\/div><\/div>\n            <\/div><div class=\"card-wrapper\">\n                <div class=\"card-header\">\n                    <a href=\"#expand-5359a6c\" class=\"card-header-button\" aria-expanded=\"false\" data-target=\"#expand-5359a6c\" aria-controls=\"expand-5359a6c\">\n                        <span class=\"title\">Can I check-in during the night?<\/span><div class=\"right-icon-group\">\n                <div class=\"normal-icon\"><i aria-hidden=\"true\" class=\"jki jki-chevron-down-light\"><\/i><\/div>\n                <div class=\"active-icon\"><i aria-hidden=\"true\" class=\"jki jki-chevron-up-light\"><\/i><\/div>\n            <\/div>\n                    <\/a>\n                <\/div>\n                <div class=\"card-expand\" id=\"expand-5359a6c\" style=\"display:none\"><div class=\"card-body\">We are open for check-ins during any time, however during the night you may have to ring the bell.<\/div><\/div>\n            <\/div><div class=\"card-wrapper\">\n                <div class=\"card-header\">\n                    <a href=\"#expand-1b9ec07\" class=\"card-header-button\" aria-expanded=\"false\" data-target=\"#expand-1b9ec07\" aria-controls=\"expand-1b9ec07\">\n                        <span class=\"title\">When is the checkout time?<\/span><div class=\"right-icon-group\">\n                <div class=\"normal-icon\"><i aria-hidden=\"true\" class=\"jki jki-chevron-down-light\"><\/i><\/div>\n                <div class=\"active-icon\"><i aria-hidden=\"true\" class=\"jki jki-chevron-up-light\"><\/i><\/div>\n            <\/div>\n                    <\/a>\n                <\/div>\n                <div class=\"card-expand\" id=\"expand-1b9ec07\" style=\"display:none\"><div class=\"card-body\">Our standard checkout time is 11:00 AM. In case the guest needs to stay longer, they can leave the luggage at the hotel and pick them up at a later time.<\/div><\/div>\n            <\/div><div class=\"card-wrapper\">\n                <div class=\"card-header\">\n                    <a href=\"#expand-421f525\" class=\"card-header-button\" aria-expanded=\"false\" data-target=\"#expand-421f525\" aria-controls=\"expand-421f525\">\n                        <span class=\"title\">Do you offer an airport shuttle?<\/span><div class=\"right-icon-group\">\n                <div class=\"normal-icon\"><i aria-hidden=\"true\" class=\"jki jki-chevron-down-light\"><\/i><\/div>\n                <div class=\"active-icon\"><i aria-hidden=\"true\" class=\"jki jki-chevron-up-light\"><\/i><\/div>\n            <\/div>\n                    <\/a>\n                <\/div>\n                <div class=\"card-expand\" id=\"expand-421f525\" style=\"display:none\"><div class=\"card-body\">We do offer an airport shuttle, and the price is 30 Euros.<\/div><\/div>\n            <\/div><div class=\"card-wrapper\">\n                <div class=\"card-header\">\n                    <a href=\"#expand-7c09e23\" class=\"card-header-button\" aria-expanded=\"false\" data-target=\"#expand-7c09e23\" aria-controls=\"expand-7c09e23\">\n                        <span class=\"title\">Are Cancelations Free?<\/span><div class=\"right-icon-group\">\n                <div class=\"normal-icon\"><i aria-hidden=\"true\" class=\"jki jki-chevron-down-light\"><\/i><\/div>\n                <div class=\"active-icon\"><i aria-hidden=\"true\" class=\"jki jki-chevron-up-light\"><\/i><\/div>\n            <\/div>\n                    <\/a>\n                <\/div>\n                <div class=\"card-expand\" id=\"expand-7c09e23\" style=\"display:none\"><div class=\"card-body\"><p>We do not send cancelation requests under normal circumstances. Cancelations are free and can be done by the guest. They can send a cancelation request to our hotel through booking and we will accept\/decline without any fees. Cancelations can only be done 48 hours before the arrival date.<\/p><\/div><\/div>\n            <\/div><\/div>\t\t\t\t<\/div>\n\t\t\t\t<\/div>\n\t\t\t\t<\/div>\n\t\t\t\t\t<\/div>\n\t\t\t\t<\/div>\n\t\t\t\t<\/div>","protected":false},"excerpt":{"rendered":"<p>Rooms Home &gt; Rooms Our Room Check our Best Rooms At our hotel we have made sure to include different varieties of rooms, double or triple bedrooms, balcony or sea view, &#8211; BLUE ROOM Triple Room View Details &#8211; AQUA ROOM Triple Room View Details &#8211; GREEN ROOM Double Room View Details &#8211; BEIGE ROOM [&hellip;]<\/p>\n","protected":false},"author":1,"featured_media":0,"parent":0,"menu_order":0,"comment_status":"closed","ping_status":"closed","template":"elementor_header_footer","meta":{"nf_dc_page":"","footnotes":""},"class_list":["post-167","page","type-page","status-publish","hentry"],"_links":{"self":[{"href":"https:\/\/vilamax.al\/sq\/wp-json\/wp\/v2\/pages\/167","targetHints":{"allow":["GET"]}}],"collection":[{"href":"https:\/\/vilamax.al\/sq\/wp-json\/wp\/v2\/pages"}],"about":[{"href":"https:\/\/vilamax.al\/sq\/wp-json\/wp\/v2\/types\/page"}],"author":[{"embeddable":true,"href":"https:\/\/vilamax.al\/sq\/wp-json\/wp\/v2\/users\/1"}],"replies":[{"embeddable":true,"href":"https:\/\/vilamax.al\/sq\/wp-json\/wp\/v2\/comments?post=167"}],"version-history":[{"count":5,"href":"https:\/\/vilamax.al\/sq\/wp-json\/wp\/v2\/pages\/167\/revisions"}],"predecessor-version":[{"id":727,"href":"https:\/\/vilamax.al\/sq\/wp-json\/wp\/v2\/pages\/167\/revisions\/727"}],"wp:attachment":[{"href":"https:\/\/vilamax.al\/sq\/wp-json\/wp\/v2\/media?parent=167"}],"curies":[{"name":"wp","href":"https:\/\/api.w.org\/{rel}","templated":true}]}}